{"id":28992,"date":"2021-04-30T07:41:41","date_gmt":"2021-04-30T07:41:41","guid":{"rendered":"https:\/\/estaparket.eu\/bestellung-ausgefuehrt\/"},"modified":"2021-04-30T07:41:41","modified_gmt":"2021-04-30T07:41:41","slug":"bestellung-ausgefuehrt","status":"publish","type":"page","link":"https:\/\/estaparket.eu\/de\/bestellung-ausgefuehrt\/","title":{"rendered":"Bestellung ausgef\u00fchrt"},"content":{"rendered":"\t\t<div data-elementor-type=\"wp-page\" data-elementor-id=\"28992\" class=\"elementor elementor-28992 elementor-2231\" data-elementor-settings=\"[]\">\n\t\t\t\t\t\t<div class=\"elementor-inner\">\n\t\t\t\t\t\t\t<div class=\"elementor-section-wrap\">\n\t\t\t\t\t\t\t<section class=\"elementor-section elementor-top-section elementor-element elementor-element-cc11531 elementor-section-boxed elementor-section-height-default elementor-section-height-default\" data-id=\"cc11531\" data-element_type=\"section\" data-settings=\"{&quot;background_background&quot;:&quot;classic&quot;,&quot;background_image&quot;:{&quot;url&quot;:&quot;&quot;,&quot;id&quot;:&quot;&quot;},&quot;background_image_tablet&quot;:{&quot;url&quot;:&quot;&quot;,&quot;id&quot;:&quot;&quot;},&quot;background_image_mobile&quot;:{&quot;url&quot;:&quot;&quot;,&quot;id&quot;:&quot;&quot;}}\">\n\t\t\t\t\t\t<div class=\"elementor-container elementor-column-gap-no\">\n\t\t\t\t\t\t\t<div class=\"elementor-row\">\n\t\t\t\t\t<div class=\"elementor-column elementor-col-100 elementor-top-column elementor-element elementor-element-a015f3b\" data-id=\"a015f3b\" data-element_type=\"column\">\n\t\t\t<div class=\"elementor-column-wrap elementor-element-populated\">\n\t\t\t\t\t\t\t<div class=\"elementor-widget-wrap\">\n\t\t\t\t\t\t<section class=\"elementor-section elementor-inner-section elementor-element elementor-element-d85ed39 elementor-section-boxed elementor-section-height-default elementor-section-height-default\" data-id=\"d85ed39\" data-element_type=\"section\">\n\t\t\t\t\t\t<div class=\"elementor-container elementor-column-gap-wide\">\n\t\t\t\t\t\t\t<div class=\"elementor-row\">\n\t\t\t\t\t<div class=\"elementor-column elementor-col-66 elementor-inner-column elementor-element elementor-element-6bc0619\" data-id=\"6bc0619\" data-element_type=\"column\">\n\t\t\t<div class=\"elementor-column-wrap elementor-element-populated\">\n\t\t\t\t\t\t\t<div class=\"elementor-widget-wrap\">\n\t\t\t\t\t\t<div class=\"elementor-element elementor-element-eff2124 elementor-widget elementor-widget-heading\" data-id=\"eff2124\" data-element_type=\"widget\" data-widget_type=\"heading.default\">\n\t\t\t\t<div class=\"elementor-widget-container\">\n\t\t\t<h2 class=\"elementor-heading-title elementor-size-default\">Auswahl<\/h2>\t\t<\/div>\n\t\t\t\t<\/div>\n\t\t\t\t<div class=\"elementor-element elementor-element-14206b4 elementor-widget elementor-widget-heading\" data-id=\"14206b4\" data-element_type=\"widget\" data-widget_type=\"heading.default\">\n\t\t\t\t<div class=\"elementor-widget-container\">\n\t\t\t<h1 class=\"elementor-heading-title elementor-size-default\">Bestellung ausgef\u00fchrt<\/h1>\t\t<\/div>\n\t\t\t\t<\/div>\n\t\t\t\t\t\t<\/div>\n\t\t\t\t\t<\/div>\n\t\t<\/div>\n\t\t\t\t<div class=\"elementor-column elementor-col-33 elementor-inner-column elementor-element elementor-element-ddfe9b9\" data-id=\"ddfe9b9\" data-element_type=\"column\">\n\t\t\t<div class=\"elementor-column-wrap elementor-element-populated\">\n\t\t\t\t\t\t\t<div class=\"elementor-widget-wrap\">\n\t\t\t\t\t\t<div class=\"elementor-element elementor-element-252a384 elementor-widget elementor-widget-heading\" data-id=\"252a384\" data-element_type=\"widget\" data-widget_type=\"heading.default\">\n\t\t\t\t<div class=\"elementor-widget-container\">\n\t\t\t<div class=\"elementor-heading-title elementor-size-default\"><a href=\"\/\"> Zur\u00fcck zur Startseite<\/a><\/div>\t\t<\/div>\n\t\t\t\t<\/div>\n\t\t\t\t\t\t<\/div>\n\t\t\t\t\t<\/div>\n\t\t<\/div>\n\t\t\t\t\t\t\t\t<\/div>\n\t\t\t\t\t<\/div>\n\t\t<\/section>\n\t\t\t\t\t\t<\/div>\n\t\t\t\t\t<\/div>\n\t\t<\/div>\n\t\t\t\t\t\t\t\t<\/div>\n\t\t\t\t\t<\/div>\n\t\t<\/section>\n\t\t\t\t<section class=\"elementor-section elementor-top-section elementor-element elementor-element-3be27133 elementor-section-boxed elementor-section-height-default elementor-section-height-default\" data-id=\"3be27133\" data-element_type=\"section\">\n\t\t\t\t\t\t<div class=\"elementor-container elementor-column-gap-no\">\n\t\t\t\t\t\t\t<div class=\"elementor-row\">\n\t\t\t\t\t<div class=\"elementor-column elementor-col-100 elementor-top-column elementor-element elementor-element-1e8dfadc\" data-id=\"1e8dfadc\" data-element_type=\"column\">\n\t\t\t<div class=\"elementor-column-wrap elementor-element-populated\">\n\t\t\t\t\t\t\t<div class=\"elementor-widget-wrap\">\n\t\t\t\t\t\t<section class=\"elementor-section elementor-inner-section elementor-element elementor-element-1180de03 elementor-section-boxed elementor-section-height-default elementor-section-height-default\" data-id=\"1180de03\" data-element_type=\"section\">\n\t\t\t\t\t\t<div class=\"elementor-container elementor-column-gap-default\">\n\t\t\t\t\t\t\t<div class=\"elementor-row\">\n\t\t\t\t\t<div class=\"elementor-column elementor-col-50 elementor-inner-column elementor-element elementor-element-3675b0ff\" data-id=\"3675b0ff\" data-element_type=\"column\">\n\t\t\t<div class=\"elementor-column-wrap elementor-element-populated\">\n\t\t\t\t\t\t\t<div class=\"elementor-widget-wrap\">\n\t\t\t\t\t\t<div class=\"elementor-element elementor-element-45679b05 elementor-widget elementor-widget-heading\" data-id=\"45679b05\" data-element_type=\"widget\" data-widget_type=\"heading.default\">\n\t\t\t\t<div class=\"elementor-widget-container\">\n\t\t\t<h2 class=\"elementor-heading-title elementor-size-default\">DANKE!<\/h2>\t\t<\/div>\n\t\t\t\t<\/div>\n\t\t\t\t<div class=\"elementor-element elementor-element-7d65ddc4 elementor-widget elementor-widget-text-editor\" data-id=\"7d65ddc4\" data-element_type=\"widget\" data-widget_type=\"text-editor.default\">\n\t\t\t\t<div class=\"elementor-widget-container\">\n\t\t\t\t\t<div class=\"elementor-text-editor elementor-clearfix\"><p>Vielen Dank f\u00fcr Ihre Anfrage! Wir haben Ihre Nachricht erhalten und unser Verkaufsmanager wird sich so schnell wie m\u00f6glich bei Ihnen melden. Wir bem\u00fchen uns, alle E-Mail-Anfragen innerhalb von 24 Stunden zu beantworten. Es besteht jedoch die M\u00f6glichkeit, dass dies l\u00e4nger dauert.<\/p>\n<\/div>\n\t\t\t\t<\/div>\n\t\t\t\t<\/div>\n\t\t\t\t<div class=\"elementor-element elementor-element-78e2145c elementor-widget__width-auto elementor-widget elementor-widget-button\" data-id=\"78e2145c\" data-element_type=\"widget\" data-widget_type=\"button.default\">\n\t\t\t\t<div class=\"elementor-widget-container\">\n\t\t\t\t\t<div class=\"elementor-button-wrapper\">\n\t\t\t<a href=\"https:\/\/estaparket.eu\/de\/\" class=\"elementor-button-link elementor-button elementor-size-md\" role=\"button\">\n\t\t\t\t\t\t<span class=\"elementor-button-content-wrapper\">\n\t\t\t\t\t\t<span class=\"elementor-button-text\">Zur\u00fcck zur Startseite<\/span>\n\t\t<\/span>\n\t\t\t\t\t<\/a>\n\t\t<\/div>\n\t\t\t\t<\/div>\n\t\t\t\t<\/div>\n\t\t\t\t<div class=\"elementor-element elementor-element-18d202ee elementor-widget__width-auto elementor-widget elementor-widget-button\" data-id=\"18d202ee\" data-element_type=\"widget\" data-widget_type=\"button.default\">\n\t\t\t\t<div class=\"elementor-widget-container\">\n\t\t\t\t\t<div class=\"elementor-button-wrapper\">\n\t\t\t<a href=\"https:\/\/estaparket.eu\/de\/kontakt\/\" class=\"elementor-button-link elementor-button elementor-size-md\" role=\"button\">\n\t\t\t\t\t\t<span class=\"elementor-button-content-wrapper\">\n\t\t\t\t\t\t<span class=\"elementor-button-text\">Nehmen Sie Kontakt mit uns auf<\/span>\n\t\t<\/span>\n\t\t\t\t\t<\/a>\n\t\t<\/div>\n\t\t\t\t<\/div>\n\t\t\t\t<\/div>\n\t\t\t\t\t\t<\/div>\n\t\t\t\t\t<\/div>\n\t\t<\/div>\n\t\t\t\t<div class=\"elementor-column elementor-col-50 elementor-inner-column elementor-element elementor-element-33702a08\" data-id=\"33702a08\" data-element_type=\"column\">\n\t\t\t<div class=\"elementor-column-wrap elementor-element-populated\">\n\t\t\t\t\t\t\t<div class=\"elementor-widget-wrap\">\n\t\t\t\t\t\t<div class=\"elementor-element elementor-element-756f9b7d elementor-widget elementor-widget-image\" data-id=\"756f9b7d\" data-element_type=\"widget\" data-widget_type=\"image.default\">\n\t\t\t\t<div class=\"elementor-widget-container\">\n\t\t\t\t\t<div class=\"elementor-image\">\n\t\t\t\t\t\t\t\t\t\t<img loading=\"lazy\" decoding=\"async\" width=\"800\" height=\"636\" src=\"https:\/\/estaparket.eu\/wp-content\/uploads\/2020\/09\/quality30-1024x814.jpg\" class=\"attachment-large size-large\" alt=\"\" srcset=\"https:\/\/estaparket.eu\/wp-content\/uploads\/2020\/09\/quality30-1024x814.jpg 1024w, https:\/\/estaparket.eu\/wp-content\/uploads\/2020\/09\/quality30-300x238.jpg 300w, https:\/\/estaparket.eu\/wp-content\/uploads\/2020\/09\/quality30-768x610.jpg 768w, https:\/\/estaparket.eu\/wp-content\/uploads\/2020\/09\/quality30-600x477.jpg 600w, https:\/\/estaparket.eu\/wp-content\/uploads\/2020\/09\/quality30.jpg 1087w\" sizes=\"auto, (max-width: 800px) 100vw, 800px\" \/>\t\t\t\t\t\t\t\t\t\t\t<\/div>\n\t\t\t\t<\/div>\n\t\t\t\t<\/div>\n\t\t\t\t\t\t<\/div>\n\t\t\t\t\t<\/div>\n\t\t<\/div>\n\t\t\t\t\t\t\t\t<\/div>\n\t\t\t\t\t<\/div>\n\t\t<\/section>\n\t\t\t\t\t\t<\/div>\n\t\t\t\t\t<\/div>\n\t\t<\/div>\n\t\t\t\t\t\t\t\t<\/div>\n\t\t\t\t\t<\/div>\n\t\t<\/section>\n\t\t\t\t\t\t<\/div>\n\t\t\t\t\t\t<\/div>\n\t\t\t\t\t<\/div>\n\t\t","protected":false},"excerpt":{"rendered":"<p>Auswahl Zur\u00fcck zur Startseite DANKE! Vielen Dank f\u00fcr Ihre Anfrage! Wir haben Ihre Nachricht erhalten und unser Verkaufsmanager wird sich so schnell wie m\u00f6glich bei Ihnen melden. Wir bem\u00fchen uns, alle E-Mail-Anfragen innerhalb von 24 Stunden zu beantworten. Es besteht jedoch die M\u00f6glichkeit, dass dies l\u00e4nger dauert. Zur\u00fcck zur Startseite Nehmen Sie Kontakt mit uns [&hellip;]<\/p>\n","protected":false},"author":2,"featured_media":0,"parent":0,"menu_order":114,"comment_status":"closed","ping_status":"closed","template":"","meta":{"inline_featured_image":false,"footnotes":""},"class_list":["post-28992","page","type-page","status-publish","hentry"],"_links":{"self":[{"href":"https:\/\/estaparket.eu\/de\/wp-json\/wp\/v2\/pages\/28992","targetHints":{"allow":["GET"]}}],"collection":[{"href":"https:\/\/estaparket.eu\/de\/wp-json\/wp\/v2\/pages"}],"about":[{"href":"https:\/\/estaparket.eu\/de\/wp-json\/wp\/v2\/types\/page"}],"author":[{"embeddable":true,"href":"https:\/\/estaparket.eu\/de\/wp-json\/wp\/v2\/users\/2"}],"replies":[{"embeddable":true,"href":"https:\/\/estaparket.eu\/de\/wp-json\/wp\/v2\/comments?post=28992"}],"version-history":[{"count":0,"href":"https:\/\/estaparket.eu\/de\/wp-json\/wp\/v2\/pages\/28992\/revisions"}],"wp:attachment":[{"href":"https:\/\/estaparket.eu\/de\/wp-json\/wp\/v2\/media?parent=28992"}],"curies":[{"name":"wp","href":"https:\/\/api.w.org\/{rel}","templated":true}]}}